{"id":639,"date":"2026-03-30T15:04:08","date_gmt":"2026-03-30T15:04:08","guid":{"rendered":"https:\/\/3namix.com\/?page_id=639"},"modified":"2026-03-30T15:55:43","modified_gmt":"2026-03-30T15:55:43","slug":"politica-de-devoluciones-y-reembolsos","status":"publish","type":"page","link":"https:\/\/3namix.com\/es\/politica-de-devoluciones-y-reembolsos\/","title":{"rendered":"Pol\u00edtica de devoluciones y reembolsos"},"content":{"rendered":"<p>&nbsp;<\/p>\n&#13;\n<h2 class=\"wp-block-heading\">\u00a0<\/h2>&#13;\n<h2 class=\"wp-block-heading\">Reembolsos y devoluciones<\/h2>&#13;\n<p>\u00a0<\/p>&#13;\n&#13;\n<p>Nuestra pol\u00edtica de reembolsos y devoluciones tiene una vigencia de 30 d\u00edas. Si han transcurrido 30 d\u00edas desde su compra, no podremos ofrecerle un reembolso completo ni un cambio. <\/p>&#13;\n&#13;\n<p>Para poder realizar una devoluci\u00f3n, el art\u00edculo debe estar sin usar y en las mismas condiciones en que lo recibi\u00f3. Tambi\u00e9n debe estar en el embalaje original. <\/p>&#13;\n&#13;\n<p>Para completar su devoluci\u00f3n, requerimos un recibo o prueba de compra.<\/p>&#13;\n&#13;\n<p>Por favor, no env\u00ede su compra de vuelta al fabricante.<\/p>&#13;\n&#13;\n<p>Existen ciertas situaciones en las que solo se conceden reembolsos parciales:<\/p>&#13;\n&#13;\n<ul class=\"wp-block-list\">&#13;\n<li>Cualquier art\u00edculo que no se encuentre en su estado original, est\u00e9 da\u00f1ado o le falten piezas por razones ajenas a nuestro error.<\/li>&#13;\n<li>Cualquier art\u00edculo que se devuelva m\u00e1s de 30 d\u00edas despu\u00e9s de la entrega<\/li>&#13;\n<\/ul>&#13;\n&#13;\n<h2 class=\"wp-block-heading\">Reembolsos<\/h2>&#13;\n&#13;\n<p>Una vez que se reciba e inspeccione su devoluci\u00f3n, le enviaremos un correo electr\u00f3nico para notificarle que hemos recibido su art\u00edculo devuelto. Tambi\u00e9n le notificaremos la aprobaci\u00f3n o el rechazo de su reembolso. <\/p>&#13;\n&#13;\n<p>Si se aprueba, se procesar\u00e1 su reembolso y se aplicar\u00e1 autom\u00e1ticamente un cr\u00e9dito a su tarjeta de cr\u00e9dito o m\u00e9todo de pago original, dentro de un cierto n\u00famero de d\u00edas.<\/p>&#13;\n&#13;\n<h3 class=\"wp-block-heading\">Reembolsos tard\u00edos o faltantes<\/h3>&#13;\n&#13;\n<p>Si a\u00fan no ha recibido un reembolso, primero revise su cuenta bancaria nuevamente.<\/p>&#13;\n&#13;\n<p>Si no ha llegado, p\u00f3ngase en contacto con la compa\u00f1\u00eda de su tarjeta de cr\u00e9dito. Puede que tarde alg\u00fan tiempo antes de que su reembolso se registre oficialmente. <\/p>&#13;\n&#13;\n<p>A continuaci\u00f3n, p\u00f3ngase en contacto con su banco. A menudo, transcurre alg\u00fan tiempo de procesamiento antes de que se publique un reembolso. <\/p>&#13;\n&#13;\n<p>Si ha hecho todo esto y a\u00fan no ha recibido su reembolso, por favor, p\u00f3ngase en contacto con nosotros a trav\u00e9s de nuestra p\u00e1gina de Contacto.<\/p>&#13;\n&#13;\n<h2 class=\"wp-block-heading\">Cambios<\/h2>&#13;\n&#13;\n<p>Solo reemplazamos art\u00edculos si est\u00e1n defectuosos o da\u00f1ados. Si necesita cambiarlo por el mismo art\u00edculo, escr\u00edbanos a trav\u00e9s de nuestra p\u00e1gina de Contacto. <\/p>&#13;\n&#13;\n<h2 class=\"wp-block-heading\">Env\u00edo de devoluciones<\/h2>&#13;\n&#13;\n<p>Para devolver su producto, escr\u00edbanos a trav\u00e9s de nuestra p\u00e1gina de Contacto para recibir su etiqueta de env\u00edo.<\/p>&#13;\n","protected":false},"excerpt":{"rendered":"<p>&nbsp; &#13; \u00a0 &#13; Reembolsos y devoluciones &#13; \u00a0 &#13; &#13; Nuestra pol\u00edtica de reembolsos y devoluciones tiene una vigencia de 30 d\u00edas. Si han transcurrido 30 d\u00edas desde su compra, no podremos ofrecerle un reembolso completo ni un cambio. &#13; &#13; Para poder realizar una devoluci\u00f3n, el art\u00edculo debe estar sin usar y en [&hellip;]<\/p>\n","protected":false},"author":1,"featured_media":0,"parent":0,"menu_order":0,"comment_status":"closed","ping_status":"closed","template":"","meta":{"inline_featured_image":false,"footnotes":""},"class_list":["post-639","page","type-page","status-publish","hentry"],"acf":[],"post_mailing_queue_ids":[],"_links":{"self":[{"href":"https:\/\/3namix.com\/es\/wp-json\/wp\/v2\/pages\/639","targetHints":{"allow":["GET"]}}],"collection":[{"href":"https:\/\/3namix.com\/es\/wp-json\/wp\/v2\/pages"}],"about":[{"href":"https:\/\/3namix.com\/es\/wp-json\/wp\/v2\/types\/page"}],"author":[{"embeddable":true,"href":"https:\/\/3namix.com\/es\/wp-json\/wp\/v2\/users\/1"}],"replies":[{"embeddable":true,"href":"https:\/\/3namix.com\/es\/wp-json\/wp\/v2\/comments?post=639"}],"version-history":[{"count":6,"href":"https:\/\/3namix.com\/es\/wp-json\/wp\/v2\/pages\/639\/revisions"}],"predecessor-version":[{"id":1675,"href":"https:\/\/3namix.com\/es\/wp-json\/wp\/v2\/pages\/639\/revisions\/1675"}],"wp:attachment":[{"href":"https:\/\/3namix.com\/es\/wp-json\/wp\/v2\/media?parent=639"}],"curies":[{"name":"wp","href":"https:\/\/api.w.org\/{rel}","templated":true}]}}